{"id":2,"date":"2021-11-15T13:19:13","date_gmt":"2021-11-15T13:19:13","guid":{"rendered":"http:\/\/heyoverlay.dk\/?page_id=2"},"modified":"2026-02-05T09:48:55","modified_gmt":"2026-02-05T09:48:55","slug":"sample-page","status":"publish","type":"page","link":"https:\/\/heyoverlay.dk\/?page_id=2","title":{"rendered":"Hvad er Heyoverlay"},"content":{"rendered":"\n<p>Hej og velkommen til Heyoverlay.dk&#8217;<\/p>\n\n\n\n<p>Denne side er bygget, s\u00e5 du kan f\u00e5 indblik ind i de funktioner, som Heyoverlay tilbyder. <\/p>\n\n\n\n<p>Heyoverlay produktet er produceret af de knivskarpe folk bag Heyloyalty. Produktet g\u00f8r det muligt for dig at lave overlays, i form af pop-ups, stickybars og landingpages (som kan implementeres direkte p\u00e5 dit site, som elementer.<\/p>\n\n\n\n<p><\/p>\n\n\n\n<blockquote class=\"wp-block-quote is-layout-flow wp-block-quote-is-layout-flow\">\n<p>&#8220;Det er smart, fordi du nemt kan rekruttere og mers\u00e6lge produkter fra dit website og holde alle funktionerne inde i samme marketing automation system<\/p>\n<cite>Jesper Thyk\u00e6r &#8211; Product Manager, Heyloyalty<\/cite><\/blockquote>\n\n\n\n<p>Ja ovenst\u00e5ende er et skaml\u00f8st skulderklap til egen lejr, men jeg synes faktisk vi har lavet et super fedt produkt. <\/p>\n\n\n\n<p><\/p>\n\n\n\n<div class=\"wp-block-columns is-layout-flex wp-container-core-columns-is-layout-9d6595d7 wp-block-columns-is-layout-flex\">\n<div class=\"wp-block-column is-layout-flow wp-block-column-is-layout-flow\" style=\"flex-basis:100%\">\n<div class=\"wp-block-columns is-layout-flex wp-container-core-columns-is-layout-9d6595d7 wp-block-columns-is-layout-flex\">\n<div class=\"wp-block-column is-layout-flow wp-block-column-is-layout-flow\">\n<h4 class=\"wp-block-heading\">Hey&#8230; og hvad g\u00f8r jeg s\u00e5?<\/h4>\n\n\n\n<p class=\"has-drop-cap\">Hvis du \u00f8nsker at aktivere Heyoverlay p\u00e5 dit website eller webshop, s\u00e5 kan du hurtigt og nemt komme i gang. Du kan tilf\u00f8je funktionen direkte fra din Heyloyalty konto, ved \u00e9t klik og nemt integrere det p\u00e5 dit site.<\/p>\n<\/div>\n\n\n\n<div class=\"wp-block-column is-layout-flow wp-block-column-is-layout-flow\">\n<figure class=\"wp-block-image size-large is-resized\"><img decoding=\"async\" src=\"https:\/\/app.heyloyalty.com\/assets\/img\/integrations\/heyoverlay.svg\" alt=\"\" style=\"width:289px;height:316px\"\/><\/figure>\n<\/div>\n<\/div>\n<\/div>\n<\/div>\n\n\n\n<iframe loading=\"lazy\" frameborder=\"0\" width=\"600\" height=\"600\" src=\"https:\/\/app.heyloyalty.com\/subscribe\/28777\/8420\"><\/iframe>\n\n\n\n<script type=\"text\/javascript\" language=\"javascript\">\n    var hlt;\n    var BiTrackingLoaded = function (BiTracking) {\n        hlt=BiTracking;\n        BiTracking.initialize('FrwXhPy2aJzYATgF', 5, 11012);\n    }\n\n    window.addEventListener('message', (event) => {\n            console.log(event.origin)\n            console.log(event.data)\n            if (event.origin !== 'https:\/\/app.heyloyalty.com') {\n            return;\n        }\n        if (event.data.type === 'emailSubmitted') {\nconsole.log('this way');\n            if (hlt.pairEmail !== undefined) {\nconsole.log('pair me');\n                hlt.pairEmail(event.data.data);\n            }\n        }\n    });\n<\/script>\n<script>\n    (function (d, t) {\n        var g = d.createElement(t),\n        s = d.getElementsByTagName(t)[0];\n        h = \"https:\" == document.location.protocol ? \"https:\/\/\" : \"http:\/\/\";\n        g.src = h + 'tracking.heyloyalty.com\/hlbi.js';\n        s.parentNode.insertBefore(g, s);\n    }(document, 'script'));\n<\/script>\n\n\n\n<hr class=\"wp-block-separator has-css-opacity\"\/>\n\n\n\n<p><\/p>\n","protected":false},"excerpt":{"rendered":"<p>Hej og velkommen til Heyoverlay.dk&#8217; Denne side er bygget, s\u00e5 du kan f\u00e5 indblik ind i de funktioner, som Heyoverlay tilbyder. Heyoverlay produktet er produceret af de knivskarpe folk bag Heyloyalty. Produktet g\u00f8r det muligt for dig at lave overlays, i form af pop-ups, stickybars og landingpages (som kan implementeres direkte p\u00e5 dit site, som [&hellip;]<\/p>\n","protected":false},"author":1,"featured_media":0,"parent":0,"menu_order":0,"comment_status":"closed","ping_status":"open","template":"","meta":{"footnotes":""},"class_list":["post-2","page","type-page","status-publish","hentry"],"_links":{"self":[{"href":"https:\/\/heyoverlay.dk\/index.php?rest_route=\/wp\/v2\/pages\/2","targetHints":{"allow":["GET"]}}],"collection":[{"href":"https:\/\/heyoverlay.dk\/index.php?rest_route=\/wp\/v2\/pages"}],"about":[{"href":"https:\/\/heyoverlay.dk\/index.php?rest_route=\/wp\/v2\/types\/page"}],"author":[{"embeddable":true,"href":"https:\/\/heyoverlay.dk\/index.php?rest_route=\/wp\/v2\/users\/1"}],"replies":[{"embeddable":true,"href":"https:\/\/heyoverlay.dk\/index.php?rest_route=%2Fwp%2Fv2%2Fcomments&post=2"}],"version-history":[{"count":9,"href":"https:\/\/heyoverlay.dk\/index.php?rest_route=\/wp\/v2\/pages\/2\/revisions"}],"predecessor-version":[{"id":38,"href":"https:\/\/heyoverlay.dk\/index.php?rest_route=\/wp\/v2\/pages\/2\/revisions\/38"}],"wp:attachment":[{"href":"https:\/\/heyoverlay.dk\/index.php?rest_route=%2Fwp%2Fv2%2Fmedia&parent=2"}],"curies":[{"name":"wp","href":"https:\/\/api.w.org\/{rel}","templated":true}]}}