{"id":15,"date":"2022-02-03T12:15:48","date_gmt":"2022-02-03T12:15:48","guid":{"rendered":"https:\/\/heyoverlay.dk\/?post_type=product&#038;p=15"},"modified":"2024-02-25T09:11:46","modified_gmt":"2024-02-25T09:11:46","slug":"kaffemode-med-heyloyalty","status":"publish","type":"product","link":"https:\/\/heyoverlay.dk\/?product=kaffemode-med-heyloyalty","title":{"rendered":"Kaffem\u00f8de med Heyloyalty"},"content":{"rendered":"<p>\u00d8nsker ud at vide mere omkring dine muligheder med Heyloyalty og Heyoverlay, s\u00e5 kan du bestille et kaffem\u00f8de.<\/p>\n<p>Husk alle vores produkter kun er til pr\u00e6sentation.<\/p>\n","protected":false},"excerpt":{"rendered":"<p>\u00d8nsker ud at vide mere omkring dine muligheder med Heyloyalty og Heyoverlay, s\u00e5 kan du bestille et kaffem\u00f8de. Husk alle vores produkter kun er til pr\u00e6sentation.<\/p>\n","protected":false},"featured_media":17,"comment_status":"open","ping_status":"closed","template":"","meta":[],"product_brand":[],"product_cat":[15],"product_tag":[],"class_list":{"0":"post-15","1":"product","2":"type-product","3":"status-publish","4":"has-post-thumbnail","6":"product_cat-uncategorized","8":"first","9":"instock","10":"shipping-taxable","11":"purchasable","12":"product-type-simple"},"_links":{"self":[{"href":"https:\/\/heyoverlay.dk\/index.php?rest_route=\/wp\/v2\/product\/15","targetHints":{"allow":["GET"]}}],"collection":[{"href":"https:\/\/heyoverlay.dk\/index.php?rest_route=\/wp\/v2\/product"}],"about":[{"href":"https:\/\/heyoverlay.dk\/index.php?rest_route=\/wp\/v2\/types\/product"}],"replies":[{"embeddable":true,"href":"https:\/\/heyoverlay.dk\/index.php?rest_route=%2Fwp%2Fv2%2Fcomments&post=15"}],"wp:featuredmedia":[{"embeddable":true,"href":"https:\/\/heyoverlay.dk\/index.php?rest_route=\/wp\/v2\/media\/17"}],"wp:attachment":[{"href":"https:\/\/heyoverlay.dk\/index.php?rest_route=%2Fwp%2Fv2%2Fmedia&parent=15"}],"wp:term":[{"taxonomy":"product_brand","embeddable":true,"href":"https:\/\/heyoverlay.dk\/index.php?rest_route=%2Fwp%2Fv2%2Fproduct_brand&post=15"},{"taxonomy":"product_cat","embeddable":true,"href":"https:\/\/heyoverlay.dk\/index.php?rest_route=%2Fwp%2Fv2%2Fproduct_cat&post=15"},{"taxonomy":"product_tag","embeddable":true,"href":"https:\/\/heyoverlay.dk\/index.php?rest_route=%2Fwp%2Fv2%2Fproduct_tag&post=15"}],"curies":[{"name":"wp","href":"https:\/\/api.w.org\/{rel}","templated":true}]}}